{"id":2165,"date":"2024-05-14T11:47:14","date_gmt":"2024-05-14T11:47:14","guid":{"rendered":"https:\/\/bluenav.definima.net\/privacy-policy\/"},"modified":"2024-07-05T14:53:37","modified_gmt":"2024-07-05T14:53:37","slug":"privacy-policy","status":"publish","type":"page","link":"https:\/\/bluenav.definima.net\/en\/privacy-policy\/","title":{"rendered":"Privacy policy"},"content":{"rendered":"\t\t<div data-elementor-type=\"wp-page\" data-elementor-id=\"2165\" class=\"elementor elementor-2165 elementor-2147\" data-elementor-post-type=\"page\">\n\t\t\t\t<div class=\"elementor-element elementor-element-4e88471 e-flex e-con-boxed e-con e-parent\" data-id=\"4e88471\" data-element_type=\"container\">\n\t\t\t\t\t<div class=\"e-con-inner\">\n\t\t\t\t<div class=\"elementor-element elementor-element-3959575 elementor-widget elementor-widget-heading\" data-id=\"3959575\" data-element_type=\"widget\" data-widget_type=\"heading.default\">\n\t\t\t\t<div class=\"elementor-widget-container\">\n\t\t\t<style>\/*! elementor - v3.22.0 - 26-06-2024 *\/\n.elementor-heading-title{padding:0;margin:0;line-height:1}.elementor-widget-heading .elementor-heading-title[class*=elementor-size-]>a{color:inherit;font-size:inherit;line-height:inherit}.elementor-widget-heading .elementor-heading-title.elementor-size-small{font-size:15px}.elementor-widget-heading .elementor-heading-title.elementor-size-medium{font-size:19px}.elementor-widget-heading .elementor-heading-title.elementor-size-large{font-size:29px}.elementor-widget-heading .elementor-heading-title.elementor-size-xl{font-size:39px}.elementor-widget-heading .elementor-heading-title.elementor-size-xxl{font-size:59px}<\/style><h1 class=\"elementor-heading-title elementor-size-default\">Privacy policy<\/h1>\t\t<\/div>\n\t\t\t\t<\/div>\n\t\t\t\t<div class=\"elementor-element elementor-element-440f6a3 elementor-widget elementor-widget-text-editor\" data-id=\"440f6a3\" data-element_type=\"widget\" data-widget_type=\"text-editor.default\">\n\t\t\t\t<div class=\"elementor-widget-container\">\n\t\t\t<style>\/*! elementor - v3.22.0 - 26-06-2024 *\/\n.elementor-widget-text-editor.elementor-drop-cap-view-stacked .elementor-drop-cap{background-color:#69727d;color:#fff}.elementor-widget-text-editor.elementor-drop-cap-view-framed .elementor-drop-cap{color:#69727d;border:3px solid;background-color:transparent}.elementor-widget-text-editor:not(.elementor-drop-cap-view-default) .elementor-drop-cap{margin-top:8px}.elementor-widget-text-editor:not(.elementor-drop-cap-view-default) .elementor-drop-cap-letter{width:1em;height:1em}.elementor-widget-text-editor .elementor-drop-cap{float:left;text-align:center;line-height:1;font-size:50px}.elementor-widget-text-editor .elementor-drop-cap-letter{display:inline-block}<\/style>\t\t\t\t<p>We would like to inform you about the information we collect and how we use it. We would also like to inform you of your rights with regard to this use.<\/p>\n\t\t\t\t\t\t<\/div>\n\t\t\t\t<\/div>\n\t\t\t\t<div class=\"elementor-element elementor-element-869c15a elementor-widget elementor-widget-text-editor\" data-id=\"869c15a\" data-element_type=\"widget\" data-widget_type=\"text-editor.default\">\n\t\t\t\t<div class=\"elementor-widget-container\">\n\t\t\t\t\t\t\t<p>The types of information we collect are those you give us when you register for our products and services, such as your email address or telephone number. We also collect the use you make of our products and services and information about the device from which you use our products.<\/p>\n\t\t\t\t\t\t<\/div>\n\t\t\t\t<\/div>\n\t\t\t\t<div class=\"elementor-element elementor-element-c952822 elementor-widget elementor-widget-text-editor\" data-id=\"c952822\" data-element_type=\"widget\" data-widget_type=\"text-editor.default\">\n\t\t\t\t<div class=\"elementor-widget-container\">\n\t\t\t\t\t\t\t<p>Some information is required for our products and services to work. Other information is optional, but the quality of your experience may be affected without it.<\/p>\n\t\t\t\t\t\t<\/div>\n\t\t\t\t<\/div>\n\t\t\t\t<div class=\"elementor-element elementor-element-4e90599 elementor-widget elementor-widget-text-editor\" data-id=\"4e90599\" data-element_type=\"widget\" data-widget_type=\"text-editor.default\">\n\t\t\t\t<div class=\"elementor-widget-container\">\n\t\t\t\t\t\t\t<p>Your data is processed by BLUENAV, the company responsible for data processing. Your data is processed to create and manage your account, improve the service offered, provide maintenance solutions with intermediaries where necessary, carry out statistical analyses, as well as for marketing and targeted advertising purposes (customer knowledge, sending electronic communications and advertising profiling by combining data). We take care to avoid any harmful behaviour and we communicate with you on the basis of the information you have given us.<\/p>\n\t\t\t\t\t\t<\/div>\n\t\t\t\t<\/div>\n\t\t\t\t<div class=\"elementor-element elementor-element-229918e elementor-widget elementor-widget-text-editor\" data-id=\"229918e\" data-element_type=\"widget\" data-widget_type=\"text-editor.default\">\n\t\t\t\t<div class=\"elementor-widget-container\">\n\t\t\t\t\t\t\t<p>The legal basis for processing is consent.<\/p>\n\t\t\t\t\t\t<\/div>\n\t\t\t\t<\/div>\n\t\t\t\t<div class=\"elementor-element elementor-element-9282b02 elementor-widget elementor-widget-text-editor\" data-id=\"9282b02\" data-element_type=\"widget\" data-widget_type=\"text-editor.default\">\n\t\t\t\t<div class=\"elementor-widget-container\">\n\t\t\t\t\t\t\t<p>You may withdraw your consent at any time.<\/p>\n\t\t\t\t\t\t<\/div>\n\t\t\t\t<\/div>\n\t\t\t\t<div class=\"elementor-element elementor-element-d22bd74 elementor-widget elementor-widget-text-editor\" data-id=\"d22bd74\" data-element_type=\"widget\" data-widget_type=\"text-editor.default\">\n\t\t\t\t<div class=\"elementor-widget-container\">\n\t\t\t\t\t\t\t<p>We will notify you in the event of substantial changes to this Policy. You will then have the opportunity to examine the revised Policy before deciding whether to continue using our Products.<\/p>\n\t\t\t\t\t\t<\/div>\n\t\t\t\t<\/div>\n\t\t\t\t<div class=\"elementor-element elementor-element-6cf7dca elementor-widget elementor-widget-text-editor\" data-id=\"6cf7dca\" data-element_type=\"widget\" data-widget_type=\"text-editor.default\">\n\t\t\t\t<div class=\"elementor-widget-container\">\n\t\t\t\t\t\t\t<p>To refuse sharing with partners, you may contact BLUENAV\u2019s Data Protection Officer at BLUENAV \u2013 D\u00e9l\u00e9gu\u00e9 \u00e0 la Protection des Donn\u00e9es \u2013 17, quai du Capitaine All\u00e8gre \u2013 Case G \u2013 33120 ARCACHON.<\/p>\n\t\t\t\t\t\t<\/div>\n\t\t\t\t<\/div>\n\t\t\t\t<div class=\"elementor-element elementor-element-7836dc9 elementor-widget elementor-widget-text-editor\" data-id=\"7836dc9\" data-element_type=\"widget\" data-widget_type=\"text-editor.default\">\n\t\t\t\t<div class=\"elementor-widget-container\">\n\t\t\t\t\t\t\t<p>You may also, at this address, express your choices, in particular concerning access, rectification, deletion, opposition, limitation and portability of your personal data.<\/p>\n\t\t\t\t\t\t<\/div>\n\t\t\t\t<\/div>\n\t\t\t\t<div class=\"elementor-element elementor-element-6d99401 elementor-widget elementor-widget-text-editor\" data-id=\"6d99401\" data-element_type=\"widget\" data-widget_type=\"text-editor.default\">\n\t\t\t\t<div class=\"elementor-widget-container\">\n\t\t\t\t\t\t\t<p>You also have the right to lodge a complaint with the Commission Nationale de l\u2019Informatique et des Libert\u00e9s (CNIL), in particular on its website http:\/\/www.cnil.fr. Most of the data concerning you will be kept for a period of 5 years from the date of your last activity (e.g. last connection to the BlueNav HMI), then archived with restricted access for a further period of 5 years for strictly limited reasons authorised by law (payment, guarantee, disputes, etc.).<\/p>\n\t\t\t\t\t\t<\/div>\n\t\t\t\t<\/div>\n\t\t\t\t\t<\/div>\n\t\t\t\t<\/div>\n\t\t\t\t<\/div>\n\t\t","protected":false},"excerpt":{"rendered":"<p>BlueNav General Privacy Policy This Privacy Policy is written in accordance with Article 13 of EU Regulation 679\/2016 (hereinafter &#8220;GDPR&#8221;) and shows you how we process personal data. If you have any questions about this Privacy Policy or the processing of your data, please contact us at: contact@bluenav.fr BlueNav, whose registered office is at 17 [&hellip;]<\/p>\n","protected":false},"author":1,"featured_media":0,"parent":0,"menu_order":0,"comment_status":"closed","ping_status":"closed","template":"","meta":{"_acf_changed":false,"footnotes":""},"class_list":["post-2165","page","type-page","status-publish","hentry"],"acf":[],"yoast_head":"<!-- This site is optimized with the Yoast SEO plugin v27.3 - https:\/\/yoast.com\/product\/yoast-seo-wordpress\/ -->\n<title>Privacy policy | BlueNav<\/title>\n<meta name=\"description\" content=\"This Privacy Policy is drafted in accordance with Article 13 of Regulation EU 679\/2016 (hereinafter &quot;RGPD&quot;).\" \/>\n<meta name=\"robots\" content=\"noindex, nofollow\" \/>\n<meta property=\"og:locale\" content=\"en_US\" \/>\n<meta property=\"og:type\" content=\"article\" \/>\n<meta property=\"og:title\" content=\"Privacy policy | BlueNav\" \/>\n<meta property=\"og:description\" content=\"This Privacy Policy is drafted in accordance with Article 13 of Regulation EU 679\/2016 (hereinafter &quot;RGPD&quot;).\" \/>\n<meta property=\"og:url\" content=\"https:\/\/bluenav.definima.net\/en\/privacy-policy\/\" \/>\n<meta property=\"og:site_name\" content=\"BlueNav\" \/>\n<meta property=\"article:publisher\" content=\"https:\/\/www.facebook.com\/BlueNavofficiel\" \/>\n<meta property=\"article:modified_time\" content=\"2024-07-05T14:53:37+00:00\" \/>\n<meta property=\"og:image\" content=\"https:\/\/bluenav.definima.net\/wp-content\/uploads\/2024\/05\/motor-hero.jpg\" \/>\n\t<meta property=\"og:image:width\" content=\"807\" \/>\n\t<meta property=\"og:image:height\" content=\"508\" \/>\n\t<meta property=\"og:image:type\" content=\"image\/jpeg\" \/>\n<meta name=\"twitter:card\" content=\"summary_large_image\" \/>\n<meta name=\"twitter:label1\" content=\"Est. reading time\" \/>\n\t<meta name=\"twitter:data1\" content=\"13 minutes\" \/>\n<script type=\"application\/ld+json\" class=\"yoast-schema-graph\">{\"@context\":\"https:\\\/\\\/schema.org\",\"@graph\":[{\"@type\":\"WebPage\",\"@id\":\"https:\\\/\\\/bluenav.definima.net\\\/en\\\/privacy-policy\\\/\",\"url\":\"https:\\\/\\\/bluenav.definima.net\\\/en\\\/privacy-policy\\\/\",\"name\":\"Privacy policy | BlueNav\",\"isPartOf\":{\"@id\":\"https:\\\/\\\/bluenav.definima.net\\\/en\\\/#website\"},\"datePublished\":\"2024-05-14T11:47:14+00:00\",\"dateModified\":\"2024-07-05T14:53:37+00:00\",\"description\":\"This Privacy Policy is drafted in accordance with Article 13 of Regulation EU 679\\\/2016 (hereinafter \\\"RGPD\\\").\",\"breadcrumb\":{\"@id\":\"https:\\\/\\\/bluenav.definima.net\\\/en\\\/privacy-policy\\\/#breadcrumb\"},\"inLanguage\":\"en-US\",\"potentialAction\":[{\"@type\":\"ReadAction\",\"target\":[\"https:\\\/\\\/bluenav.definima.net\\\/en\\\/privacy-policy\\\/\"]}]},{\"@type\":\"BreadcrumbList\",\"@id\":\"https:\\\/\\\/bluenav.definima.net\\\/en\\\/privacy-policy\\\/#breadcrumb\",\"itemListElement\":[{\"@type\":\"ListItem\",\"position\":1,\"name\":\"Accueil\",\"item\":\"https:\\\/\\\/bluenav.definima.net\\\/en\\\/\"},{\"@type\":\"ListItem\",\"position\":2,\"name\":\"Privacy policy\"}]},{\"@type\":\"WebSite\",\"@id\":\"https:\\\/\\\/bluenav.definima.net\\\/en\\\/#website\",\"url\":\"https:\\\/\\\/bluenav.definima.net\\\/en\\\/\",\"name\":\"BlueNav\",\"description\":\"Transformez votre bateau en hybride \u00e9lectrique\",\"publisher\":{\"@id\":\"https:\\\/\\\/bluenav.definima.net\\\/en\\\/#organization\"},\"alternateName\":\"BlueNav\",\"potentialAction\":[{\"@type\":\"SearchAction\",\"target\":{\"@type\":\"EntryPoint\",\"urlTemplate\":\"https:\\\/\\\/bluenav.definima.net\\\/en\\\/?s={search_term_string}\"},\"query-input\":{\"@type\":\"PropertyValueSpecification\",\"valueRequired\":true,\"valueName\":\"search_term_string\"}}],\"inLanguage\":\"en-US\"},{\"@type\":\"Organization\",\"@id\":\"https:\\\/\\\/bluenav.definima.net\\\/en\\\/#organization\",\"name\":\"BlueNav\",\"alternateName\":\"BlueNav\",\"url\":\"https:\\\/\\\/bluenav.definima.net\\\/en\\\/\",\"logo\":{\"@type\":\"ImageObject\",\"inLanguage\":\"en-US\",\"@id\":\"https:\\\/\\\/bluenav.definima.net\\\/en\\\/#\\\/schema\\\/logo\\\/image\\\/\",\"url\":\"https:\\\/\\\/bluenav.definima.net\\\/wp-content\\\/uploads\\\/2024\\\/03\\\/BlueNav.png\",\"contentUrl\":\"https:\\\/\\\/bluenav.definima.net\\\/wp-content\\\/uploads\\\/2024\\\/03\\\/BlueNav.png\",\"width\":270,\"height\":29,\"caption\":\"BlueNav\"},\"image\":{\"@id\":\"https:\\\/\\\/bluenav.definima.net\\\/en\\\/#\\\/schema\\\/logo\\\/image\\\/\"},\"sameAs\":[\"https:\\\/\\\/www.facebook.com\\\/BlueNavofficiel\",\"https:\\\/\\\/www.instagram.com\\\/bluenav_france\\\/\",\"https:\\\/\\\/www.linkedin.com\\\/company\\\/bluenav\\\/\",\"https:\\\/\\\/www.youtube.com\\\/channel\\\/UCGNHWxHmm7WgYFtS6PaS3cA\"]}]}<\/script>\n<!-- \/ Yoast SEO plugin. -->","yoast_head_json":{"title":"Privacy policy | BlueNav","description":"This Privacy Policy is drafted in accordance with Article 13 of Regulation EU 679\/2016 (hereinafter \"RGPD\").","robots":{"index":"noindex","follow":"nofollow"},"og_locale":"en_US","og_type":"article","og_title":"Privacy policy | BlueNav","og_description":"This Privacy Policy is drafted in accordance with Article 13 of Regulation EU 679\/2016 (hereinafter \"RGPD\").","og_url":"https:\/\/bluenav.definima.net\/en\/privacy-policy\/","og_site_name":"BlueNav","article_publisher":"https:\/\/www.facebook.com\/BlueNavofficiel","article_modified_time":"2024-07-05T14:53:37+00:00","og_image":[{"width":807,"height":508,"url":"https:\/\/bluenav.definima.net\/wp-content\/uploads\/2024\/05\/motor-hero.jpg","type":"image\/jpeg"}],"twitter_card":"summary_large_image","twitter_misc":{"Est. reading time":"13 minutes"},"schema":{"@context":"https:\/\/schema.org","@graph":[{"@type":"WebPage","@id":"https:\/\/bluenav.definima.net\/en\/privacy-policy\/","url":"https:\/\/bluenav.definima.net\/en\/privacy-policy\/","name":"Privacy policy | BlueNav","isPartOf":{"@id":"https:\/\/bluenav.definima.net\/en\/#website"},"datePublished":"2024-05-14T11:47:14+00:00","dateModified":"2024-07-05T14:53:37+00:00","description":"This Privacy Policy is drafted in accordance with Article 13 of Regulation EU 679\/2016 (hereinafter \"RGPD\").","breadcrumb":{"@id":"https:\/\/bluenav.definima.net\/en\/privacy-policy\/#breadcrumb"},"inLanguage":"en-US","potentialAction":[{"@type":"ReadAction","target":["https:\/\/bluenav.definima.net\/en\/privacy-policy\/"]}]},{"@type":"BreadcrumbList","@id":"https:\/\/bluenav.definima.net\/en\/privacy-policy\/#breadcrumb","itemListElement":[{"@type":"ListItem","position":1,"name":"Accueil","item":"https:\/\/bluenav.definima.net\/en\/"},{"@type":"ListItem","position":2,"name":"Privacy policy"}]},{"@type":"WebSite","@id":"https:\/\/bluenav.definima.net\/en\/#website","url":"https:\/\/bluenav.definima.net\/en\/","name":"BlueNav","description":"Transformez votre bateau en hybride \u00e9lectrique","publisher":{"@id":"https:\/\/bluenav.definima.net\/en\/#organization"},"alternateName":"BlueNav","potentialAction":[{"@type":"SearchAction","target":{"@type":"EntryPoint","urlTemplate":"https:\/\/bluenav.definima.net\/en\/?s={search_term_string}"},"query-input":{"@type":"PropertyValueSpecification","valueRequired":true,"valueName":"search_term_string"}}],"inLanguage":"en-US"},{"@type":"Organization","@id":"https:\/\/bluenav.definima.net\/en\/#organization","name":"BlueNav","alternateName":"BlueNav","url":"https:\/\/bluenav.definima.net\/en\/","logo":{"@type":"ImageObject","inLanguage":"en-US","@id":"https:\/\/bluenav.definima.net\/en\/#\/schema\/logo\/image\/","url":"https:\/\/bluenav.definima.net\/wp-content\/uploads\/2024\/03\/BlueNav.png","contentUrl":"https:\/\/bluenav.definima.net\/wp-content\/uploads\/2024\/03\/BlueNav.png","width":270,"height":29,"caption":"BlueNav"},"image":{"@id":"https:\/\/bluenav.definima.net\/en\/#\/schema\/logo\/image\/"},"sameAs":["https:\/\/www.facebook.com\/BlueNavofficiel","https:\/\/www.instagram.com\/bluenav_france\/","https:\/\/www.linkedin.com\/company\/bluenav\/","https:\/\/www.youtube.com\/channel\/UCGNHWxHmm7WgYFtS6PaS3cA"]}]}},"_links":{"self":[{"href":"https:\/\/bluenav.definima.net\/en\/wp-json\/wp\/v2\/pages\/2165","targetHints":{"allow":["GET"]}}],"collection":[{"href":"https:\/\/bluenav.definima.net\/en\/wp-json\/wp\/v2\/pages"}],"about":[{"href":"https:\/\/bluenav.definima.net\/en\/wp-json\/wp\/v2\/types\/page"}],"author":[{"embeddable":true,"href":"https:\/\/bluenav.definima.net\/en\/wp-json\/wp\/v2\/users\/1"}],"replies":[{"embeddable":true,"href":"https:\/\/bluenav.definima.net\/en\/wp-json\/wp\/v2\/comments?post=2165"}],"version-history":[{"count":5,"href":"https:\/\/bluenav.definima.net\/en\/wp-json\/wp\/v2\/pages\/2165\/revisions"}],"predecessor-version":[{"id":4201,"href":"https:\/\/bluenav.definima.net\/en\/wp-json\/wp\/v2\/pages\/2165\/revisions\/4201"}],"wp:attachment":[{"href":"https:\/\/bluenav.definima.net\/en\/wp-json\/wp\/v2\/media?parent=2165"}],"curies":[{"name":"wp","href":"https:\/\/api.w.org\/{rel}","templated":true}]}}